{"id":321,"date":"2015-09-20T17:46:44","date_gmt":"2015-09-20T17:46:44","guid":{"rendered":"https:\/\/urbanna.org\/urbanna\/?lang=fr"},"modified":"2018-06-22T11:24:09","modified_gmt":"2018-06-22T11:24:09","slug":"urbanna","status":"publish","type":"page","link":"https:\/\/urbanna.org\/fr\/","title":{"rendered":"Urbanna"},"content":{"rendered":"<p style=\"text-align: center;\">Les circuits Urbanna sont des voyages d\u2019exp\u00e9riences qui mettent l\u2019accent sur les petits d\u00e9tails, les gens dans la rue, les \u00e9difices, les commerces, les histoires particuli\u00e8res, pour privil\u00e9gier le lien entre les personnes et les lieux visit\u00e9s.<\/p>\n<p style=\"text-align: center;\">Guide officielle de Barcelone &amp; Catalogne, pour les couples, les familles et les petits groupes.<\/p>\n<p style=\"text-align: center;\">En anglais, fran\u00e7ais, catalan ou castillan.<\/p>\n<p style=\"text-align: center;\">Vous pouvez choisir un des circuits Urbanna ou en demander un sur mesure.<\/p>\n","protected":false},"excerpt":{"rendered":"<p>Les circuits Urbanna sont des voyages d\u2019exp\u00e9riences qui mettent l\u2019accent sur les petits d\u00e9tails, les gens dans la rue, les \u00e9difices, les commerces, les histoires particuli\u00e8res, pour privil\u00e9gier le lien entre les personnes et les lieux visit\u00e9s. Guide officielle de Barcelone &amp; Catalogne, pour les couples, les familles et les petits groupes. En anglais, fran\u00e7ais, [&hellip;]<\/p>\n","protected":false},"author":3,"featured_media":0,"parent":0,"menu_order":0,"comment_status":"closed","ping_status":"closed","template":"","meta":{"_monsterinsights_skip_tracking":false,"_monsterinsights_sitenote_active":false,"_monsterinsights_sitenote_note":"","_monsterinsights_sitenote_category":0,"footnotes":""},"class_list":["post-321","page","type-page","status-publish","hentry"],"yoast_head":"<!-- This site is optimized with the Yoast SEO plugin v24.2 - https:\/\/yoast.com\/wordpress\/plugins\/seo\/ -->\n<title>Urbanna - Urbanna<\/title>\n<meta name=\"description\" content=\"Les circuits Urbanna sont des voyages d\u2019exp\u00e9riences qui mettent l\u2019accent sur les petits d\u00e9tails.\" \/>\n<meta name=\"robots\" content=\"index, follow, max-snippet:-1, max-image-preview:large, max-video-preview:-1\" \/>\n<link rel=\"canonical\" href=\"https:\/\/urbanna.org\/fr\/\" \/>\n<meta property=\"og:locale\" content=\"fr_FR\" \/>\n<meta property=\"og:type\" content=\"article\" \/>\n<meta property=\"og:title\" content=\"Urbanna - Urbanna\" \/>\n<meta property=\"og:description\" content=\"Les circuits Urbanna sont des voyages d\u2019exp\u00e9riences qui mettent l\u2019accent sur les petits d\u00e9tails.\" \/>\n<meta property=\"og:url\" content=\"https:\/\/urbanna.org\/fr\/\" \/>\n<meta property=\"og:site_name\" content=\"Urbanna\" \/>\n<meta property=\"article:modified_time\" content=\"2018-06-22T11:24:09+00:00\" \/>\n<meta name=\"twitter:card\" content=\"summary_large_image\" \/>\n<script type=\"application\/ld+json\" class=\"yoast-schema-graph\">{\"@context\":\"https:\/\/schema.org\",\"@graph\":[{\"@type\":\"WebPage\",\"@id\":\"https:\/\/urbanna.org\/fr\/\",\"url\":\"https:\/\/urbanna.org\/fr\/\",\"name\":\"Urbanna - Urbanna\",\"isPartOf\":{\"@id\":\"https:\/\/urbanna.org\/#website\"},\"datePublished\":\"2015-09-20T17:46:44+00:00\",\"dateModified\":\"2018-06-22T11:24:09+00:00\",\"description\":\"Les circuits Urbanna sont des voyages d\u2019exp\u00e9riences qui mettent l\u2019accent sur les petits d\u00e9tails.\",\"breadcrumb\":{\"@id\":\"https:\/\/urbanna.org\/fr\/#breadcrumb\"},\"inLanguage\":\"fr-FR\",\"potentialAction\":[{\"@type\":\"ReadAction\",\"target\":[\"https:\/\/urbanna.org\/fr\/\"]}]},{\"@type\":\"BreadcrumbList\",\"@id\":\"https:\/\/urbanna.org\/fr\/#breadcrumb\",\"itemListElement\":[{\"@type\":\"ListItem\",\"position\":1,\"name\":\"Home\",\"item\":\"https:\/\/urbanna.org\/fr\/\"},{\"@type\":\"ListItem\",\"position\":2,\"name\":\"Urbanna\"}]},{\"@type\":\"WebSite\",\"@id\":\"https:\/\/urbanna.org\/#website\",\"url\":\"https:\/\/urbanna.org\/\",\"name\":\"Urbanna\",\"description\":\"Official Barcelona tour guide\",\"potentialAction\":[{\"@type\":\"SearchAction\",\"target\":{\"@type\":\"EntryPoint\",\"urlTemplate\":\"https:\/\/urbanna.org\/?s={search_term_string}\"},\"query-input\":{\"@type\":\"PropertyValueSpecification\",\"valueRequired\":true,\"valueName\":\"search_term_string\"}}],\"inLanguage\":\"fr-FR\"}]}<\/script>\n<!-- \/ Yoast SEO plugin. -->","yoast_head_json":{"title":"Urbanna - Urbanna","description":"Les circuits Urbanna sont des voyages d\u2019exp\u00e9riences qui mettent l\u2019accent sur les petits d\u00e9tails.","robots":{"index":"index","follow":"follow","max-snippet":"max-snippet:-1","max-image-preview":"max-image-preview:large","max-video-preview":"max-video-preview:-1"},"canonical":"https:\/\/urbanna.org\/fr\/","og_locale":"fr_FR","og_type":"article","og_title":"Urbanna - Urbanna","og_description":"Les circuits Urbanna sont des voyages d\u2019exp\u00e9riences qui mettent l\u2019accent sur les petits d\u00e9tails.","og_url":"https:\/\/urbanna.org\/fr\/","og_site_name":"Urbanna","article_modified_time":"2018-06-22T11:24:09+00:00","twitter_card":"summary_large_image","schema":{"@context":"https:\/\/schema.org","@graph":[{"@type":"WebPage","@id":"https:\/\/urbanna.org\/fr\/","url":"https:\/\/urbanna.org\/fr\/","name":"Urbanna - Urbanna","isPartOf":{"@id":"https:\/\/urbanna.org\/#website"},"datePublished":"2015-09-20T17:46:44+00:00","dateModified":"2018-06-22T11:24:09+00:00","description":"Les circuits Urbanna sont des voyages d\u2019exp\u00e9riences qui mettent l\u2019accent sur les petits d\u00e9tails.","breadcrumb":{"@id":"https:\/\/urbanna.org\/fr\/#breadcrumb"},"inLanguage":"fr-FR","potentialAction":[{"@type":"ReadAction","target":["https:\/\/urbanna.org\/fr\/"]}]},{"@type":"BreadcrumbList","@id":"https:\/\/urbanna.org\/fr\/#breadcrumb","itemListElement":[{"@type":"ListItem","position":1,"name":"Home","item":"https:\/\/urbanna.org\/fr\/"},{"@type":"ListItem","position":2,"name":"Urbanna"}]},{"@type":"WebSite","@id":"https:\/\/urbanna.org\/#website","url":"https:\/\/urbanna.org\/","name":"Urbanna","description":"Official Barcelona tour guide","potentialAction":[{"@type":"SearchAction","target":{"@type":"EntryPoint","urlTemplate":"https:\/\/urbanna.org\/?s={search_term_string}"},"query-input":{"@type":"PropertyValueSpecification","valueRequired":true,"valueName":"search_term_string"}}],"inLanguage":"fr-FR"}]}},"_links":{"self":[{"href":"https:\/\/urbanna.org\/fr\/wp-json\/wp\/v2\/pages\/321","targetHints":{"allow":["GET"]}}],"collection":[{"href":"https:\/\/urbanna.org\/fr\/wp-json\/wp\/v2\/pages"}],"about":[{"href":"https:\/\/urbanna.org\/fr\/wp-json\/wp\/v2\/types\/page"}],"author":[{"embeddable":true,"href":"https:\/\/urbanna.org\/fr\/wp-json\/wp\/v2\/users\/3"}],"replies":[{"embeddable":true,"href":"https:\/\/urbanna.org\/fr\/wp-json\/wp\/v2\/comments?post=321"}],"version-history":[{"count":5,"href":"https:\/\/urbanna.org\/fr\/wp-json\/wp\/v2\/pages\/321\/revisions"}],"predecessor-version":[{"id":621,"href":"https:\/\/urbanna.org\/fr\/wp-json\/wp\/v2\/pages\/321\/revisions\/621"}],"wp:attachment":[{"href":"https:\/\/urbanna.org\/fr\/wp-json\/wp\/v2\/media?parent=321"}],"curies":[{"name":"wp","href":"https:\/\/api.w.org\/{rel}","templated":true}]}}