{"id":312,"date":"2015-10-12T14:53:54","date_gmt":"2015-10-12T14:53:54","guid":{"rendered":"https:\/\/urbanna.org\/about\/?lang=fr"},"modified":"2018-06-22T11:22:40","modified_gmt":"2018-06-22T11:22:40","slug":"a-propos","status":"publish","type":"page","link":"https:\/\/urbanna.org\/fr\/a-propos\/","title":{"rendered":"A propos"},"content":{"rendered":"<p class=\"p1\"><img loading=\"lazy\" decoding=\"async\" class=\"size-full wp-image-143 aligncenter\" src=\"https:\/\/urbanna.org\/wp-content\/uploads\/2015\/10\/urbanna-anna.jpg\" alt=\"urbanna-anna\" width=\"250\" height=\"250\" srcset=\"https:\/\/urbanna.org\/wp-content\/uploads\/2015\/10\/urbanna-anna.jpg 250w, https:\/\/urbanna.org\/wp-content\/uploads\/2015\/10\/urbanna-anna-150x150.jpg 150w\" sizes=\"auto, (max-width: 250px) 100vw, 250px\" \/><\/p>\n<p>Je m\u2019appelle Anna et je suis guide officielle de tourisme de Catalogne, dipl\u00f4me de la Generalitat de Catalunya.<\/p>\n<p>J&rsquo;ai les dipl\u00f4mes de Tourisme et d&rsquo;\u00c9ducation sociale de l&rsquo;UB (Universit\u00e9 de Barcelone) et depuis, j\u2019ai r\u00e9alis\u00e9 divers travaux avec toujours pour but d\u2019\u00e9tablir une relation proche et humaine avec le visiteur.\u00a0Mon int\u00e9r\u00eat et ma passion pour l\u2019art et la culture m\u2019ont permis d\u2019accompagner des gens du monde entier dans ma ville natale, Barcelone.<\/p>\n<p>&nbsp;<\/p>\n<p class=\"p1\">\n","protected":false},"excerpt":{"rendered":"<p>Je m\u2019appelle Anna et je suis guide officielle de tourisme de Catalogne, dipl\u00f4me de la Generalitat de Catalunya. J&rsquo;ai les dipl\u00f4mes de Tourisme et d&rsquo;\u00c9ducation sociale de l&rsquo;UB (Universit\u00e9 de Barcelone) et depuis, j\u2019ai r\u00e9alis\u00e9 divers travaux avec toujours pour but d\u2019\u00e9tablir une relation proche et humaine avec le visiteur.\u00a0Mon int\u00e9r\u00eat et ma passion pour [&hellip;]<\/p>\n","protected":false},"author":3,"featured_media":0,"parent":0,"menu_order":0,"comment_status":"closed","ping_status":"closed","template":"template-about.php","meta":{"_monsterinsights_skip_tracking":false,"_monsterinsights_sitenote_active":false,"_monsterinsights_sitenote_note":"","_monsterinsights_sitenote_category":0,"footnotes":""},"class_list":["post-312","page","type-page","status-publish","hentry"],"yoast_head":"<!-- This site is optimized with the Yoast SEO plugin v24.2 - https:\/\/yoast.com\/wordpress\/plugins\/seo\/ -->\n<title>A propos - Urbanna<\/title>\n<meta name=\"description\" content=\"Guide officielle de tourisme de Catalogne,\" \/>\n<meta name=\"robots\" content=\"index, follow, max-snippet:-1, max-image-preview:large, max-video-preview:-1\" \/>\n<link rel=\"canonical\" href=\"https:\/\/urbanna.org\/fr\/a-propos\/\" \/>\n<meta property=\"og:locale\" content=\"fr_FR\" \/>\n<meta property=\"og:type\" content=\"article\" \/>\n<meta property=\"og:title\" content=\"A propos - Urbanna\" \/>\n<meta property=\"og:description\" content=\"Guide officielle de tourisme de Catalogne,\" \/>\n<meta property=\"og:url\" content=\"https:\/\/urbanna.org\/fr\/a-propos\/\" \/>\n<meta property=\"og:site_name\" content=\"Urbanna\" \/>\n<meta property=\"article:modified_time\" content=\"2018-06-22T11:22:40+00:00\" \/>\n<meta property=\"og:image\" content=\"https:\/\/urbanna.org\/wp-content\/uploads\/2015\/10\/urbanna-anna.jpg\" \/>\n<meta name=\"twitter:card\" content=\"summary_large_image\" \/>\n<script type=\"application\/ld+json\" class=\"yoast-schema-graph\">{\"@context\":\"https:\/\/schema.org\",\"@graph\":[{\"@type\":\"WebPage\",\"@id\":\"https:\/\/urbanna.org\/fr\/a-propos\/\",\"url\":\"https:\/\/urbanna.org\/fr\/a-propos\/\",\"name\":\"A propos - Urbanna\",\"isPartOf\":{\"@id\":\"https:\/\/urbanna.org\/#website\"},\"primaryImageOfPage\":{\"@id\":\"https:\/\/urbanna.org\/fr\/a-propos\/#primaryimage\"},\"image\":{\"@id\":\"https:\/\/urbanna.org\/fr\/a-propos\/#primaryimage\"},\"thumbnailUrl\":\"https:\/\/urbanna.org\/wp-content\/uploads\/2015\/10\/urbanna-anna.jpg\",\"datePublished\":\"2015-10-12T14:53:54+00:00\",\"dateModified\":\"2018-06-22T11:22:40+00:00\",\"description\":\"Guide officielle de tourisme de Catalogne,\",\"breadcrumb\":{\"@id\":\"https:\/\/urbanna.org\/fr\/a-propos\/#breadcrumb\"},\"inLanguage\":\"fr-FR\",\"potentialAction\":[{\"@type\":\"ReadAction\",\"target\":[\"https:\/\/urbanna.org\/fr\/a-propos\/\"]}]},{\"@type\":\"ImageObject\",\"inLanguage\":\"fr-FR\",\"@id\":\"https:\/\/urbanna.org\/fr\/a-propos\/#primaryimage\",\"url\":\"https:\/\/urbanna.org\/wp-content\/uploads\/2015\/10\/urbanna-anna.jpg\",\"contentUrl\":\"https:\/\/urbanna.org\/wp-content\/uploads\/2015\/10\/urbanna-anna.jpg\"},{\"@type\":\"BreadcrumbList\",\"@id\":\"https:\/\/urbanna.org\/fr\/a-propos\/#breadcrumb\",\"itemListElement\":[{\"@type\":\"ListItem\",\"position\":1,\"name\":\"Home\",\"item\":\"https:\/\/urbanna.org\/fr\/\"},{\"@type\":\"ListItem\",\"position\":2,\"name\":\"A propos\"}]},{\"@type\":\"WebSite\",\"@id\":\"https:\/\/urbanna.org\/#website\",\"url\":\"https:\/\/urbanna.org\/\",\"name\":\"Urbanna\",\"description\":\"Official Barcelona tour guide\",\"potentialAction\":[{\"@type\":\"SearchAction\",\"target\":{\"@type\":\"EntryPoint\",\"urlTemplate\":\"https:\/\/urbanna.org\/?s={search_term_string}\"},\"query-input\":{\"@type\":\"PropertyValueSpecification\",\"valueRequired\":true,\"valueName\":\"search_term_string\"}}],\"inLanguage\":\"fr-FR\"}]}<\/script>\n<!-- \/ Yoast SEO plugin. -->","yoast_head_json":{"title":"A propos - Urbanna","description":"Guide officielle de tourisme de Catalogne,","robots":{"index":"index","follow":"follow","max-snippet":"max-snippet:-1","max-image-preview":"max-image-preview:large","max-video-preview":"max-video-preview:-1"},"canonical":"https:\/\/urbanna.org\/fr\/a-propos\/","og_locale":"fr_FR","og_type":"article","og_title":"A propos - Urbanna","og_description":"Guide officielle de tourisme de Catalogne,","og_url":"https:\/\/urbanna.org\/fr\/a-propos\/","og_site_name":"Urbanna","article_modified_time":"2018-06-22T11:22:40+00:00","og_image":[{"url":"https:\/\/urbanna.org\/wp-content\/uploads\/2015\/10\/urbanna-anna.jpg","type":"","width":"","height":""}],"twitter_card":"summary_large_image","schema":{"@context":"https:\/\/schema.org","@graph":[{"@type":"WebPage","@id":"https:\/\/urbanna.org\/fr\/a-propos\/","url":"https:\/\/urbanna.org\/fr\/a-propos\/","name":"A propos - Urbanna","isPartOf":{"@id":"https:\/\/urbanna.org\/#website"},"primaryImageOfPage":{"@id":"https:\/\/urbanna.org\/fr\/a-propos\/#primaryimage"},"image":{"@id":"https:\/\/urbanna.org\/fr\/a-propos\/#primaryimage"},"thumbnailUrl":"https:\/\/urbanna.org\/wp-content\/uploads\/2015\/10\/urbanna-anna.jpg","datePublished":"2015-10-12T14:53:54+00:00","dateModified":"2018-06-22T11:22:40+00:00","description":"Guide officielle de tourisme de Catalogne,","breadcrumb":{"@id":"https:\/\/urbanna.org\/fr\/a-propos\/#breadcrumb"},"inLanguage":"fr-FR","potentialAction":[{"@type":"ReadAction","target":["https:\/\/urbanna.org\/fr\/a-propos\/"]}]},{"@type":"ImageObject","inLanguage":"fr-FR","@id":"https:\/\/urbanna.org\/fr\/a-propos\/#primaryimage","url":"https:\/\/urbanna.org\/wp-content\/uploads\/2015\/10\/urbanna-anna.jpg","contentUrl":"https:\/\/urbanna.org\/wp-content\/uploads\/2015\/10\/urbanna-anna.jpg"},{"@type":"BreadcrumbList","@id":"https:\/\/urbanna.org\/fr\/a-propos\/#breadcrumb","itemListElement":[{"@type":"ListItem","position":1,"name":"Home","item":"https:\/\/urbanna.org\/fr\/"},{"@type":"ListItem","position":2,"name":"A propos"}]},{"@type":"WebSite","@id":"https:\/\/urbanna.org\/#website","url":"https:\/\/urbanna.org\/","name":"Urbanna","description":"Official Barcelona tour guide","potentialAction":[{"@type":"SearchAction","target":{"@type":"EntryPoint","urlTemplate":"https:\/\/urbanna.org\/?s={search_term_string}"},"query-input":{"@type":"PropertyValueSpecification","valueRequired":true,"valueName":"search_term_string"}}],"inLanguage":"fr-FR"}]}},"_links":{"self":[{"href":"https:\/\/urbanna.org\/fr\/wp-json\/wp\/v2\/pages\/312","targetHints":{"allow":["GET"]}}],"collection":[{"href":"https:\/\/urbanna.org\/fr\/wp-json\/wp\/v2\/pages"}],"about":[{"href":"https:\/\/urbanna.org\/fr\/wp-json\/wp\/v2\/types\/page"}],"author":[{"embeddable":true,"href":"https:\/\/urbanna.org\/fr\/wp-json\/wp\/v2\/users\/3"}],"replies":[{"embeddable":true,"href":"https:\/\/urbanna.org\/fr\/wp-json\/wp\/v2\/comments?post=312"}],"version-history":[{"count":5,"href":"https:\/\/urbanna.org\/fr\/wp-json\/wp\/v2\/pages\/312\/revisions"}],"predecessor-version":[{"id":619,"href":"https:\/\/urbanna.org\/fr\/wp-json\/wp\/v2\/pages\/312\/revisions\/619"}],"wp:attachment":[{"href":"https:\/\/urbanna.org\/fr\/wp-json\/wp\/v2\/media?parent=312"}],"curies":[{"name":"wp","href":"https:\/\/api.w.org\/{rel}","templated":true}]}}