{"id":322,"date":"2015-09-20T17:46:44","date_gmt":"2015-09-20T17:46:44","guid":{"rendered":"https:\/\/urbanna.org\/urbanna\/?lang=es"},"modified":"2018-12-14T16:14:07","modified_gmt":"2018-12-14T16:14:07","slug":"urbanna","status":"publish","type":"page","link":"https:\/\/urbanna.org\/es\/","title":{"rendered":"Urbanna"},"content":{"rendered":"<p style=\"text-align: center;\">Las rutas Urbanna son viajes de experiencias que ponen la atenci\u00f3n en los peque\u00f1os detalles, la gente en la calle, los edificios, los comercios, historias particulares, para favorecer este v\u00ednculo entre personas y los lugares visitados.<\/p>\n<p style=\"text-align: center;\">Gu\u00eda oficial de Barcelona &amp; Catalunya, para parejas, familias\u00a0 y grupos reducidos.<\/p>\n<p style=\"text-align: center;\">En ingl\u00e9s, franc\u00e9s, catal\u00e1n o castellano.<\/p>\n<p style=\"text-align: center;\">Puedes elegir cualquiera de las rutas Urbanna o bien solicita una a medida.<\/p>\n<p style=\"text-align: center;\">\n","protected":false},"excerpt":{"rendered":"<p>Las rutas Urbanna son viajes de experiencias que ponen la atenci\u00f3n en los peque\u00f1os detalles, la gente en la calle, los edificios, los comercios, historias particulares, para favorecer este v\u00ednculo entre personas y los lugares visitados. Gu\u00eda oficial de Barcelona &amp; Catalunya, para parejas, familias\u00a0 y grupos reducidos. En ingl\u00e9s, franc\u00e9s, catal\u00e1n o castellano. Puedes [&hellip;]<\/p>\n","protected":false},"author":3,"featured_media":0,"parent":0,"menu_order":0,"comment_status":"closed","ping_status":"closed","template":"","meta":{"_monsterinsights_skip_tracking":false,"_monsterinsights_sitenote_active":false,"_monsterinsights_sitenote_note":"","_monsterinsights_sitenote_category":0,"footnotes":""},"class_list":["post-322","page","type-page","status-publish","hentry"],"yoast_head":"<!-- This site is optimized with the Yoast SEO plugin v24.2 - https:\/\/yoast.com\/wordpress\/plugins\/seo\/ -->\n<title>Urbanna<\/title>\n<meta name=\"description\" content=\"Las rutas Urbanna son viajes de experiencias que ponen la atenci\u00f3n en los peque\u00f1os detalles.\" \/>\n<meta name=\"robots\" content=\"index, follow, max-snippet:-1, max-image-preview:large, max-video-preview:-1\" \/>\n<link rel=\"canonical\" href=\"https:\/\/urbanna.org\/es\/urbanna\/\" \/>\n<meta property=\"og:locale\" content=\"es_ES\" \/>\n<meta property=\"og:type\" content=\"article\" \/>\n<meta property=\"og:title\" content=\"Urbanna\" \/>\n<meta property=\"og:description\" content=\"Las rutas Urbanna son viajes de experiencias que ponen la atenci\u00f3n en los peque\u00f1os detalles.\" \/>\n<meta property=\"og:url\" content=\"https:\/\/urbanna.org\/es\/urbanna\/\" \/>\n<meta property=\"og:site_name\" content=\"Urbanna\" \/>\n<meta property=\"article:modified_time\" content=\"2018-12-14T16:14:07+00:00\" \/>\n<meta name=\"twitter:card\" content=\"summary_large_image\" \/>\n<script type=\"application\/ld+json\" class=\"yoast-schema-graph\">{\"@context\":\"https:\/\/schema.org\",\"@graph\":[{\"@type\":\"WebPage\",\"@id\":\"https:\/\/urbanna.org\/es\/urbanna\/\",\"url\":\"https:\/\/urbanna.org\/es\/urbanna\/\",\"name\":\"Urbanna\",\"isPartOf\":{\"@id\":\"https:\/\/urbanna.org\/#website\"},\"datePublished\":\"2015-09-20T17:46:44+00:00\",\"dateModified\":\"2018-12-14T16:14:07+00:00\",\"description\":\"Las rutas Urbanna son viajes de experiencias que ponen la atenci\u00f3n en los peque\u00f1os detalles.\",\"breadcrumb\":{\"@id\":\"https:\/\/urbanna.org\/es\/urbanna\/#breadcrumb\"},\"inLanguage\":\"es\",\"potentialAction\":[{\"@type\":\"ReadAction\",\"target\":[\"https:\/\/urbanna.org\/es\/urbanna\/\"]}]},{\"@type\":\"BreadcrumbList\",\"@id\":\"https:\/\/urbanna.org\/es\/urbanna\/#breadcrumb\",\"itemListElement\":[{\"@type\":\"ListItem\",\"position\":1,\"name\":\"Home\",\"item\":\"https:\/\/urbanna.org\/es\/urbanna\/\"},{\"@type\":\"ListItem\",\"position\":2,\"name\":\"Urbanna\"}]},{\"@type\":\"WebSite\",\"@id\":\"https:\/\/urbanna.org\/#website\",\"url\":\"https:\/\/urbanna.org\/\",\"name\":\"Urbanna\",\"description\":\"Official Barcelona tour guide\",\"potentialAction\":[{\"@type\":\"SearchAction\",\"target\":{\"@type\":\"EntryPoint\",\"urlTemplate\":\"https:\/\/urbanna.org\/?s={search_term_string}\"},\"query-input\":{\"@type\":\"PropertyValueSpecification\",\"valueRequired\":true,\"valueName\":\"search_term_string\"}}],\"inLanguage\":\"es\"}]}<\/script>\n<!-- \/ Yoast SEO plugin. -->","yoast_head_json":{"title":"Urbanna","description":"Las rutas Urbanna son viajes de experiencias que ponen la atenci\u00f3n en los peque\u00f1os detalles.","robots":{"index":"index","follow":"follow","max-snippet":"max-snippet:-1","max-image-preview":"max-image-preview:large","max-video-preview":"max-video-preview:-1"},"canonical":"https:\/\/urbanna.org\/es\/urbanna\/","og_locale":"es_ES","og_type":"article","og_title":"Urbanna","og_description":"Las rutas Urbanna son viajes de experiencias que ponen la atenci\u00f3n en los peque\u00f1os detalles.","og_url":"https:\/\/urbanna.org\/es\/urbanna\/","og_site_name":"Urbanna","article_modified_time":"2018-12-14T16:14:07+00:00","twitter_card":"summary_large_image","schema":{"@context":"https:\/\/schema.org","@graph":[{"@type":"WebPage","@id":"https:\/\/urbanna.org\/es\/urbanna\/","url":"https:\/\/urbanna.org\/es\/urbanna\/","name":"Urbanna","isPartOf":{"@id":"https:\/\/urbanna.org\/#website"},"datePublished":"2015-09-20T17:46:44+00:00","dateModified":"2018-12-14T16:14:07+00:00","description":"Las rutas Urbanna son viajes de experiencias que ponen la atenci\u00f3n en los peque\u00f1os detalles.","breadcrumb":{"@id":"https:\/\/urbanna.org\/es\/urbanna\/#breadcrumb"},"inLanguage":"es","potentialAction":[{"@type":"ReadAction","target":["https:\/\/urbanna.org\/es\/urbanna\/"]}]},{"@type":"BreadcrumbList","@id":"https:\/\/urbanna.org\/es\/urbanna\/#breadcrumb","itemListElement":[{"@type":"ListItem","position":1,"name":"Home","item":"https:\/\/urbanna.org\/es\/urbanna\/"},{"@type":"ListItem","position":2,"name":"Urbanna"}]},{"@type":"WebSite","@id":"https:\/\/urbanna.org\/#website","url":"https:\/\/urbanna.org\/","name":"Urbanna","description":"Official Barcelona tour guide","potentialAction":[{"@type":"SearchAction","target":{"@type":"EntryPoint","urlTemplate":"https:\/\/urbanna.org\/?s={search_term_string}"},"query-input":{"@type":"PropertyValueSpecification","valueRequired":true,"valueName":"search_term_string"}}],"inLanguage":"es"}]}},"_links":{"self":[{"href":"https:\/\/urbanna.org\/es\/wp-json\/wp\/v2\/pages\/322","targetHints":{"allow":["GET"]}}],"collection":[{"href":"https:\/\/urbanna.org\/es\/wp-json\/wp\/v2\/pages"}],"about":[{"href":"https:\/\/urbanna.org\/es\/wp-json\/wp\/v2\/types\/page"}],"author":[{"embeddable":true,"href":"https:\/\/urbanna.org\/es\/wp-json\/wp\/v2\/users\/3"}],"replies":[{"embeddable":true,"href":"https:\/\/urbanna.org\/es\/wp-json\/wp\/v2\/comments?post=322"}],"version-history":[{"count":6,"href":"https:\/\/urbanna.org\/es\/wp-json\/wp\/v2\/pages\/322\/revisions"}],"predecessor-version":[{"id":636,"href":"https:\/\/urbanna.org\/es\/wp-json\/wp\/v2\/pages\/322\/revisions\/636"}],"wp:attachment":[{"href":"https:\/\/urbanna.org\/es\/wp-json\/wp\/v2\/media?parent=322"}],"curies":[{"name":"wp","href":"https:\/\/api.w.org\/{rel}","templated":true}]}}