{"id":319,"date":"2015-10-12T14:31:02","date_gmt":"2015-10-12T14:31:02","guid":{"rendered":"https:\/\/urbanna.org\/experiences\/?lang=es"},"modified":"2018-12-24T10:57:37","modified_gmt":"2018-12-24T10:57:37","slug":"museos","status":"publish","type":"page","link":"https:\/\/urbanna.org\/es\/museos\/","title":{"rendered":"Museos"},"content":{"rendered":"<p>Porque los lugares los hacen las personas y la compa\u00f1\u00eda, te ofrezco la posibilidad de vivir una experiencia \u00fanica y singular en los museos m\u00e1s representativos de Barcelona.<\/p>\n","protected":false},"excerpt":{"rendered":"<p>Porque los lugares los hacen las personas y la compa\u00f1\u00eda, te ofrezco la posibilidad de vivir una experiencia \u00fanica y singular en los museos m\u00e1s representativos de Barcelona.<\/p>\n","protected":false},"author":3,"featured_media":0,"parent":0,"menu_order":0,"comment_status":"closed","ping_status":"closed","template":"template-altres-serveis.php","meta":{"_monsterinsights_skip_tracking":false,"_monsterinsights_sitenote_active":false,"_monsterinsights_sitenote_note":"","_monsterinsights_sitenote_category":0,"footnotes":""},"class_list":["post-319","page","type-page","status-publish","hentry"],"yoast_head":"<!-- This site is optimized with the Yoast SEO plugin v24.2 - https:\/\/yoast.com\/wordpress\/plugins\/seo\/ -->\n<title>Museos - Urbanna<\/title>\n<meta name=\"robots\" content=\"index, follow, max-snippet:-1, max-image-preview:large, max-video-preview:-1\" \/>\n<link rel=\"canonical\" href=\"https:\/\/urbanna.org\/es\/museos\/\" \/>\n<meta property=\"og:locale\" content=\"es_ES\" \/>\n<meta property=\"og:type\" content=\"article\" \/>\n<meta property=\"og:title\" content=\"Museos - Urbanna\" \/>\n<meta property=\"og:description\" content=\"Porque los lugares los hacen las personas y la compa\u00f1\u00eda, te ofrezco la posibilidad de vivir una experiencia \u00fanica y singular en los museos m\u00e1s representativos de Barcelona.\" \/>\n<meta property=\"og:url\" content=\"https:\/\/urbanna.org\/es\/museos\/\" \/>\n<meta property=\"og:site_name\" content=\"Urbanna\" \/>\n<meta property=\"article:modified_time\" content=\"2018-12-24T10:57:37+00:00\" \/>\n<meta name=\"twitter:card\" content=\"summary_large_image\" \/>\n<script type=\"application\/ld+json\" class=\"yoast-schema-graph\">{\"@context\":\"https:\/\/schema.org\",\"@graph\":[{\"@type\":\"WebPage\",\"@id\":\"https:\/\/urbanna.org\/es\/museos\/\",\"url\":\"https:\/\/urbanna.org\/es\/museos\/\",\"name\":\"Museos - Urbanna\",\"isPartOf\":{\"@id\":\"https:\/\/urbanna.org\/#website\"},\"datePublished\":\"2015-10-12T14:31:02+00:00\",\"dateModified\":\"2018-12-24T10:57:37+00:00\",\"breadcrumb\":{\"@id\":\"https:\/\/urbanna.org\/es\/museos\/#breadcrumb\"},\"inLanguage\":\"es\",\"potentialAction\":[{\"@type\":\"ReadAction\",\"target\":[\"https:\/\/urbanna.org\/es\/museos\/\"]}]},{\"@type\":\"BreadcrumbList\",\"@id\":\"https:\/\/urbanna.org\/es\/museos\/#breadcrumb\",\"itemListElement\":[{\"@type\":\"ListItem\",\"position\":1,\"name\":\"Home\",\"item\":\"https:\/\/urbanna.org\/es\/urbanna\/\"},{\"@type\":\"ListItem\",\"position\":2,\"name\":\"Museos\"}]},{\"@type\":\"WebSite\",\"@id\":\"https:\/\/urbanna.org\/#website\",\"url\":\"https:\/\/urbanna.org\/\",\"name\":\"Urbanna\",\"description\":\"Official Barcelona tour guide\",\"potentialAction\":[{\"@type\":\"SearchAction\",\"target\":{\"@type\":\"EntryPoint\",\"urlTemplate\":\"https:\/\/urbanna.org\/?s={search_term_string}\"},\"query-input\":{\"@type\":\"PropertyValueSpecification\",\"valueRequired\":true,\"valueName\":\"search_term_string\"}}],\"inLanguage\":\"es\"}]}<\/script>\n<!-- \/ Yoast SEO plugin. -->","yoast_head_json":{"title":"Museos - Urbanna","robots":{"index":"index","follow":"follow","max-snippet":"max-snippet:-1","max-image-preview":"max-image-preview:large","max-video-preview":"max-video-preview:-1"},"canonical":"https:\/\/urbanna.org\/es\/museos\/","og_locale":"es_ES","og_type":"article","og_title":"Museos - Urbanna","og_description":"Porque los lugares los hacen las personas y la compa\u00f1\u00eda, te ofrezco la posibilidad de vivir una experiencia \u00fanica y singular en los museos m\u00e1s representativos de Barcelona.","og_url":"https:\/\/urbanna.org\/es\/museos\/","og_site_name":"Urbanna","article_modified_time":"2018-12-24T10:57:37+00:00","twitter_card":"summary_large_image","schema":{"@context":"https:\/\/schema.org","@graph":[{"@type":"WebPage","@id":"https:\/\/urbanna.org\/es\/museos\/","url":"https:\/\/urbanna.org\/es\/museos\/","name":"Museos - Urbanna","isPartOf":{"@id":"https:\/\/urbanna.org\/#website"},"datePublished":"2015-10-12T14:31:02+00:00","dateModified":"2018-12-24T10:57:37+00:00","breadcrumb":{"@id":"https:\/\/urbanna.org\/es\/museos\/#breadcrumb"},"inLanguage":"es","potentialAction":[{"@type":"ReadAction","target":["https:\/\/urbanna.org\/es\/museos\/"]}]},{"@type":"BreadcrumbList","@id":"https:\/\/urbanna.org\/es\/museos\/#breadcrumb","itemListElement":[{"@type":"ListItem","position":1,"name":"Home","item":"https:\/\/urbanna.org\/es\/urbanna\/"},{"@type":"ListItem","position":2,"name":"Museos"}]},{"@type":"WebSite","@id":"https:\/\/urbanna.org\/#website","url":"https:\/\/urbanna.org\/","name":"Urbanna","description":"Official Barcelona tour guide","potentialAction":[{"@type":"SearchAction","target":{"@type":"EntryPoint","urlTemplate":"https:\/\/urbanna.org\/?s={search_term_string}"},"query-input":{"@type":"PropertyValueSpecification","valueRequired":true,"valueName":"search_term_string"}}],"inLanguage":"es"}]}},"_links":{"self":[{"href":"https:\/\/urbanna.org\/es\/wp-json\/wp\/v2\/pages\/319","targetHints":{"allow":["GET"]}}],"collection":[{"href":"https:\/\/urbanna.org\/es\/wp-json\/wp\/v2\/pages"}],"about":[{"href":"https:\/\/urbanna.org\/es\/wp-json\/wp\/v2\/types\/page"}],"author":[{"embeddable":true,"href":"https:\/\/urbanna.org\/es\/wp-json\/wp\/v2\/users\/3"}],"replies":[{"embeddable":true,"href":"https:\/\/urbanna.org\/es\/wp-json\/wp\/v2\/comments?post=319"}],"version-history":[{"count":4,"href":"https:\/\/urbanna.org\/es\/wp-json\/wp\/v2\/pages\/319\/revisions"}],"predecessor-version":[{"id":640,"href":"https:\/\/urbanna.org\/es\/wp-json\/wp\/v2\/pages\/319\/revisions\/640"}],"wp:attachment":[{"href":"https:\/\/urbanna.org\/es\/wp-json\/wp\/v2\/media?parent=319"}],"curies":[{"name":"wp","href":"https:\/\/api.w.org\/{rel}","templated":true}]}}