{"id":323,"date":"2015-09-20T17:46:44","date_gmt":"2015-09-20T17:46:44","guid":{"rendered":"https:\/\/urbanna.org\/urbanna\/?lang=ca"},"modified":"2018-12-14T16:16:09","modified_gmt":"2018-12-14T16:16:09","slug":"urbanna","status":"publish","type":"page","link":"https:\/\/urbanna.org\/ca\/","title":{"rendered":"Urbanna"},"content":{"rendered":"<p class=\"p1\" style=\"text-align: center;\">Les rutes Urbanna s\u00f3n viatges d\u2019experi\u00e8ncies que posen atenci\u00f3 als petits detalls, la gent al carrer, els edificis, els comer\u00e7os, hist\u00f2ries particulars, per afavorir aquest vincle entre persones i els llocs visitats.<\/p>\n<p class=\"p1\" style=\"text-align: center;\">Guia oficial de Barcelona &amp; Catalunya, per parelles, fam\u00edlies i grups redu\u00efts.<\/p>\n<p class=\"p1\" style=\"text-align: center;\">En angl\u00e8s, franc\u00e8s, catal\u00e0 o castell\u00e0.<\/p>\n<p class=\"p1\" style=\"text-align: center;\">Tria qualsevol de les rutes Urbanna o b\u00e9 sol\u00b7licita\u2019n una a mida.<\/p>\n","protected":false},"excerpt":{"rendered":"<p>Les rutes Urbanna s\u00f3n viatges d\u2019experi\u00e8ncies que posen atenci\u00f3 als petits detalls, la gent al carrer, els edificis, els comer\u00e7os, hist\u00f2ries particulars, per afavorir aquest vincle entre persones i els llocs visitats. Guia oficial de Barcelona &amp; Catalunya, per parelles, fam\u00edlies i grups redu\u00efts. En angl\u00e8s, franc\u00e8s, catal\u00e0 o castell\u00e0. Tria qualsevol de les rutes [&hellip;]<\/p>\n","protected":false},"author":3,"featured_media":0,"parent":0,"menu_order":0,"comment_status":"closed","ping_status":"closed","template":"","meta":{"_monsterinsights_skip_tracking":false,"_monsterinsights_sitenote_active":false,"_monsterinsights_sitenote_note":"","_monsterinsights_sitenote_category":0,"footnotes":""},"class_list":["post-323","page","type-page","status-publish","hentry"],"yoast_head":"<!-- This site is optimized with the Yoast SEO plugin v24.2 - https:\/\/yoast.com\/wordpress\/plugins\/seo\/ -->\n<title>Urbanna<\/title>\n<meta name=\"description\" content=\"Les rutes Urbanna s\u00f3n viatges d\u2019experi\u00e8ncies que posen atenci\u00f3 als petits detalls.\" \/>\n<meta name=\"robots\" content=\"index, follow, max-snippet:-1, max-image-preview:large, max-video-preview:-1\" \/>\n<link rel=\"canonical\" href=\"https:\/\/urbanna.org\/ca\/\" \/>\n<meta property=\"og:locale\" content=\"ca_ES\" \/>\n<meta property=\"og:type\" content=\"article\" \/>\n<meta property=\"og:title\" content=\"Urbanna\" \/>\n<meta property=\"og:description\" content=\"Les rutes Urbanna s\u00f3n viatges d\u2019experi\u00e8ncies que posen atenci\u00f3 als petits detalls.\" \/>\n<meta property=\"og:url\" content=\"https:\/\/urbanna.org\/ca\/\" \/>\n<meta property=\"og:site_name\" content=\"Urbanna\" \/>\n<meta property=\"article:modified_time\" content=\"2018-12-14T16:16:09+00:00\" \/>\n<meta name=\"twitter:card\" content=\"summary_large_image\" \/>\n<script type=\"application\/ld+json\" class=\"yoast-schema-graph\">{\"@context\":\"https:\/\/schema.org\",\"@graph\":[{\"@type\":\"WebPage\",\"@id\":\"https:\/\/urbanna.org\/ca\/\",\"url\":\"https:\/\/urbanna.org\/ca\/\",\"name\":\"Urbanna\",\"isPartOf\":{\"@id\":\"https:\/\/urbanna.org\/#website\"},\"datePublished\":\"2015-09-20T17:46:44+00:00\",\"dateModified\":\"2018-12-14T16:16:09+00:00\",\"description\":\"Les rutes Urbanna s\u00f3n viatges d\u2019experi\u00e8ncies que posen atenci\u00f3 als petits detalls.\",\"breadcrumb\":{\"@id\":\"https:\/\/urbanna.org\/ca\/#breadcrumb\"},\"inLanguage\":\"ca\",\"potentialAction\":[{\"@type\":\"ReadAction\",\"target\":[\"https:\/\/urbanna.org\/ca\/\"]}]},{\"@type\":\"BreadcrumbList\",\"@id\":\"https:\/\/urbanna.org\/ca\/#breadcrumb\",\"itemListElement\":[{\"@type\":\"ListItem\",\"position\":1,\"name\":\"Home\",\"item\":\"https:\/\/urbanna.org\/ca\/\"},{\"@type\":\"ListItem\",\"position\":2,\"name\":\"Urbanna\"}]},{\"@type\":\"WebSite\",\"@id\":\"https:\/\/urbanna.org\/#website\",\"url\":\"https:\/\/urbanna.org\/\",\"name\":\"Urbanna\",\"description\":\"Official Barcelona tour guide\",\"potentialAction\":[{\"@type\":\"SearchAction\",\"target\":{\"@type\":\"EntryPoint\",\"urlTemplate\":\"https:\/\/urbanna.org\/?s={search_term_string}\"},\"query-input\":{\"@type\":\"PropertyValueSpecification\",\"valueRequired\":true,\"valueName\":\"search_term_string\"}}],\"inLanguage\":\"ca\"}]}<\/script>\n<!-- \/ Yoast SEO plugin. -->","yoast_head_json":{"title":"Urbanna","description":"Les rutes Urbanna s\u00f3n viatges d\u2019experi\u00e8ncies que posen atenci\u00f3 als petits detalls.","robots":{"index":"index","follow":"follow","max-snippet":"max-snippet:-1","max-image-preview":"max-image-preview:large","max-video-preview":"max-video-preview:-1"},"canonical":"https:\/\/urbanna.org\/ca\/","og_locale":"ca_ES","og_type":"article","og_title":"Urbanna","og_description":"Les rutes Urbanna s\u00f3n viatges d\u2019experi\u00e8ncies que posen atenci\u00f3 als petits detalls.","og_url":"https:\/\/urbanna.org\/ca\/","og_site_name":"Urbanna","article_modified_time":"2018-12-14T16:16:09+00:00","twitter_card":"summary_large_image","schema":{"@context":"https:\/\/schema.org","@graph":[{"@type":"WebPage","@id":"https:\/\/urbanna.org\/ca\/","url":"https:\/\/urbanna.org\/ca\/","name":"Urbanna","isPartOf":{"@id":"https:\/\/urbanna.org\/#website"},"datePublished":"2015-09-20T17:46:44+00:00","dateModified":"2018-12-14T16:16:09+00:00","description":"Les rutes Urbanna s\u00f3n viatges d\u2019experi\u00e8ncies que posen atenci\u00f3 als petits detalls.","breadcrumb":{"@id":"https:\/\/urbanna.org\/ca\/#breadcrumb"},"inLanguage":"ca","potentialAction":[{"@type":"ReadAction","target":["https:\/\/urbanna.org\/ca\/"]}]},{"@type":"BreadcrumbList","@id":"https:\/\/urbanna.org\/ca\/#breadcrumb","itemListElement":[{"@type":"ListItem","position":1,"name":"Home","item":"https:\/\/urbanna.org\/ca\/"},{"@type":"ListItem","position":2,"name":"Urbanna"}]},{"@type":"WebSite","@id":"https:\/\/urbanna.org\/#website","url":"https:\/\/urbanna.org\/","name":"Urbanna","description":"Official Barcelona tour guide","potentialAction":[{"@type":"SearchAction","target":{"@type":"EntryPoint","urlTemplate":"https:\/\/urbanna.org\/?s={search_term_string}"},"query-input":{"@type":"PropertyValueSpecification","valueRequired":true,"valueName":"search_term_string"}}],"inLanguage":"ca"}]}},"_links":{"self":[{"href":"https:\/\/urbanna.org\/ca\/wp-json\/wp\/v2\/pages\/323","targetHints":{"allow":["GET"]}}],"collection":[{"href":"https:\/\/urbanna.org\/ca\/wp-json\/wp\/v2\/pages"}],"about":[{"href":"https:\/\/urbanna.org\/ca\/wp-json\/wp\/v2\/types\/page"}],"author":[{"embeddable":true,"href":"https:\/\/urbanna.org\/ca\/wp-json\/wp\/v2\/users\/3"}],"replies":[{"embeddable":true,"href":"https:\/\/urbanna.org\/ca\/wp-json\/wp\/v2\/comments?post=323"}],"version-history":[{"count":5,"href":"https:\/\/urbanna.org\/ca\/wp-json\/wp\/v2\/pages\/323\/revisions"}],"predecessor-version":[{"id":637,"href":"https:\/\/urbanna.org\/ca\/wp-json\/wp\/v2\/pages\/323\/revisions\/637"}],"wp:attachment":[{"href":"https:\/\/urbanna.org\/ca\/wp-json\/wp\/v2\/media?parent=323"}],"curies":[{"name":"wp","href":"https:\/\/api.w.org\/{rel}","templated":true}]}}