{"id":314,"date":"2015-10-12T14:53:54","date_gmt":"2015-10-12T14:53:54","guid":{"rendered":"https:\/\/urbanna.org\/about\/?lang=ca"},"modified":"2018-04-15T18:38:26","modified_gmt":"2018-04-15T18:38:26","slug":"sobre-urbanna","status":"publish","type":"page","link":"https:\/\/urbanna.org\/ca\/sobre-urbanna\/","title":{"rendered":"Sobre Urbanna"},"content":{"rendered":"<p class=\"p1\"><img loading=\"lazy\" decoding=\"async\" class=\"size-full wp-image-143 aligncenter\" src=\"https:\/\/urbanna.org\/wp-content\/uploads\/2015\/10\/urbanna-anna.jpg\" alt=\"urbanna-anna\" width=\"250\" height=\"250\" srcset=\"https:\/\/urbanna.org\/wp-content\/uploads\/2015\/10\/urbanna-anna.jpg 250w, https:\/\/urbanna.org\/wp-content\/uploads\/2015\/10\/urbanna-anna-150x150.jpg 150w\" sizes=\"auto, (max-width: 250px) 100vw, 250px\" \/><\/p>\n<p>Em dic Anna i s\u00f3c guia oficial de turisme de Catalunya, t\u00edtol expedit per la Generalitat de Catalunya.<\/p>\n<p>Tinc les titulacions de Turisme i Educaci\u00f3 social per la UB i des de llavors he realitzat diverses feines sempre amb l\u2019objectiu d\u2019oferir un tracte proper i hum\u00e0 al visitant. El meu inter\u00e8s i estima per l\u2019art i la cultura m\u2019han perm\u00e8s acompanyar a persones d\u2019arreu del m\u00f3n per la meva ciutat natal, Barcelona.<\/p>\n<p class=\"p1\">\n","protected":false},"excerpt":{"rendered":"<p>Em dic Anna i s\u00f3c guia oficial de turisme de Catalunya, t\u00edtol expedit per la Generalitat de Catalunya. Tinc les titulacions de Turisme i Educaci\u00f3 social per la UB i des de llavors he realitzat diverses feines sempre amb l\u2019objectiu d\u2019oferir un tracte proper i hum\u00e0 al visitant. El meu inter\u00e8s i estima per l\u2019art [&hellip;]<\/p>\n","protected":false},"author":3,"featured_media":0,"parent":0,"menu_order":0,"comment_status":"closed","ping_status":"closed","template":"template-about.php","meta":{"_monsterinsights_skip_tracking":false,"_monsterinsights_sitenote_active":false,"_monsterinsights_sitenote_note":"","_monsterinsights_sitenote_category":0,"footnotes":""},"class_list":["post-314","page","type-page","status-publish","hentry"],"yoast_head":"<!-- This site is optimized with the Yoast SEO plugin v24.2 - https:\/\/yoast.com\/wordpress\/plugins\/seo\/ -->\n<title>Sobre Urbanna - Urbanna<\/title>\n<meta name=\"description\" content=\"Guia oficial de turisme de Catalunya.\" \/>\n<meta name=\"robots\" content=\"index, follow, max-snippet:-1, max-image-preview:large, max-video-preview:-1\" \/>\n<link rel=\"canonical\" href=\"https:\/\/urbanna.org\/ca\/sobre-urbanna\/\" \/>\n<meta property=\"og:locale\" content=\"ca_ES\" \/>\n<meta property=\"og:type\" content=\"article\" \/>\n<meta property=\"og:title\" content=\"Sobre Urbanna - Urbanna\" \/>\n<meta property=\"og:description\" content=\"Guia oficial de turisme de Catalunya.\" \/>\n<meta property=\"og:url\" content=\"https:\/\/urbanna.org\/ca\/sobre-urbanna\/\" \/>\n<meta property=\"og:site_name\" content=\"Urbanna\" \/>\n<meta property=\"article:modified_time\" content=\"2018-04-15T18:38:26+00:00\" \/>\n<meta property=\"og:image\" content=\"https:\/\/urbanna.org\/wp-content\/uploads\/2015\/10\/urbanna-anna.jpg\" \/>\n<meta name=\"twitter:card\" content=\"summary_large_image\" \/>\n<script type=\"application\/ld+json\" class=\"yoast-schema-graph\">{\"@context\":\"https:\/\/schema.org\",\"@graph\":[{\"@type\":\"WebPage\",\"@id\":\"https:\/\/urbanna.org\/ca\/sobre-urbanna\/\",\"url\":\"https:\/\/urbanna.org\/ca\/sobre-urbanna\/\",\"name\":\"Sobre Urbanna - Urbanna\",\"isPartOf\":{\"@id\":\"https:\/\/urbanna.org\/#website\"},\"primaryImageOfPage\":{\"@id\":\"https:\/\/urbanna.org\/ca\/sobre-urbanna\/#primaryimage\"},\"image\":{\"@id\":\"https:\/\/urbanna.org\/ca\/sobre-urbanna\/#primaryimage\"},\"thumbnailUrl\":\"https:\/\/urbanna.org\/wp-content\/uploads\/2015\/10\/urbanna-anna.jpg\",\"datePublished\":\"2015-10-12T14:53:54+00:00\",\"dateModified\":\"2018-04-15T18:38:26+00:00\",\"description\":\"Guia oficial de turisme de Catalunya.\",\"breadcrumb\":{\"@id\":\"https:\/\/urbanna.org\/ca\/sobre-urbanna\/#breadcrumb\"},\"inLanguage\":\"ca\",\"potentialAction\":[{\"@type\":\"ReadAction\",\"target\":[\"https:\/\/urbanna.org\/ca\/sobre-urbanna\/\"]}]},{\"@type\":\"ImageObject\",\"inLanguage\":\"ca\",\"@id\":\"https:\/\/urbanna.org\/ca\/sobre-urbanna\/#primaryimage\",\"url\":\"https:\/\/urbanna.org\/wp-content\/uploads\/2015\/10\/urbanna-anna.jpg\",\"contentUrl\":\"https:\/\/urbanna.org\/wp-content\/uploads\/2015\/10\/urbanna-anna.jpg\"},{\"@type\":\"BreadcrumbList\",\"@id\":\"https:\/\/urbanna.org\/ca\/sobre-urbanna\/#breadcrumb\",\"itemListElement\":[{\"@type\":\"ListItem\",\"position\":1,\"name\":\"Home\",\"item\":\"https:\/\/urbanna.org\/ca\/\"},{\"@type\":\"ListItem\",\"position\":2,\"name\":\"Sobre Urbanna\"}]},{\"@type\":\"WebSite\",\"@id\":\"https:\/\/urbanna.org\/#website\",\"url\":\"https:\/\/urbanna.org\/\",\"name\":\"Urbanna\",\"description\":\"Official Barcelona tour guide\",\"potentialAction\":[{\"@type\":\"SearchAction\",\"target\":{\"@type\":\"EntryPoint\",\"urlTemplate\":\"https:\/\/urbanna.org\/?s={search_term_string}\"},\"query-input\":{\"@type\":\"PropertyValueSpecification\",\"valueRequired\":true,\"valueName\":\"search_term_string\"}}],\"inLanguage\":\"ca\"}]}<\/script>\n<!-- \/ Yoast SEO plugin. -->","yoast_head_json":{"title":"Sobre Urbanna - Urbanna","description":"Guia oficial de turisme de Catalunya.","robots":{"index":"index","follow":"follow","max-snippet":"max-snippet:-1","max-image-preview":"max-image-preview:large","max-video-preview":"max-video-preview:-1"},"canonical":"https:\/\/urbanna.org\/ca\/sobre-urbanna\/","og_locale":"ca_ES","og_type":"article","og_title":"Sobre Urbanna - Urbanna","og_description":"Guia oficial de turisme de Catalunya.","og_url":"https:\/\/urbanna.org\/ca\/sobre-urbanna\/","og_site_name":"Urbanna","article_modified_time":"2018-04-15T18:38:26+00:00","og_image":[{"url":"https:\/\/urbanna.org\/wp-content\/uploads\/2015\/10\/urbanna-anna.jpg","type":"","width":"","height":""}],"twitter_card":"summary_large_image","schema":{"@context":"https:\/\/schema.org","@graph":[{"@type":"WebPage","@id":"https:\/\/urbanna.org\/ca\/sobre-urbanna\/","url":"https:\/\/urbanna.org\/ca\/sobre-urbanna\/","name":"Sobre Urbanna - Urbanna","isPartOf":{"@id":"https:\/\/urbanna.org\/#website"},"primaryImageOfPage":{"@id":"https:\/\/urbanna.org\/ca\/sobre-urbanna\/#primaryimage"},"image":{"@id":"https:\/\/urbanna.org\/ca\/sobre-urbanna\/#primaryimage"},"thumbnailUrl":"https:\/\/urbanna.org\/wp-content\/uploads\/2015\/10\/urbanna-anna.jpg","datePublished":"2015-10-12T14:53:54+00:00","dateModified":"2018-04-15T18:38:26+00:00","description":"Guia oficial de turisme de Catalunya.","breadcrumb":{"@id":"https:\/\/urbanna.org\/ca\/sobre-urbanna\/#breadcrumb"},"inLanguage":"ca","potentialAction":[{"@type":"ReadAction","target":["https:\/\/urbanna.org\/ca\/sobre-urbanna\/"]}]},{"@type":"ImageObject","inLanguage":"ca","@id":"https:\/\/urbanna.org\/ca\/sobre-urbanna\/#primaryimage","url":"https:\/\/urbanna.org\/wp-content\/uploads\/2015\/10\/urbanna-anna.jpg","contentUrl":"https:\/\/urbanna.org\/wp-content\/uploads\/2015\/10\/urbanna-anna.jpg"},{"@type":"BreadcrumbList","@id":"https:\/\/urbanna.org\/ca\/sobre-urbanna\/#breadcrumb","itemListElement":[{"@type":"ListItem","position":1,"name":"Home","item":"https:\/\/urbanna.org\/ca\/"},{"@type":"ListItem","position":2,"name":"Sobre Urbanna"}]},{"@type":"WebSite","@id":"https:\/\/urbanna.org\/#website","url":"https:\/\/urbanna.org\/","name":"Urbanna","description":"Official Barcelona tour guide","potentialAction":[{"@type":"SearchAction","target":{"@type":"EntryPoint","urlTemplate":"https:\/\/urbanna.org\/?s={search_term_string}"},"query-input":{"@type":"PropertyValueSpecification","valueRequired":true,"valueName":"search_term_string"}}],"inLanguage":"ca"}]}},"_links":{"self":[{"href":"https:\/\/urbanna.org\/ca\/wp-json\/wp\/v2\/pages\/314","targetHints":{"allow":["GET"]}}],"collection":[{"href":"https:\/\/urbanna.org\/ca\/wp-json\/wp\/v2\/pages"}],"about":[{"href":"https:\/\/urbanna.org\/ca\/wp-json\/wp\/v2\/types\/page"}],"author":[{"embeddable":true,"href":"https:\/\/urbanna.org\/ca\/wp-json\/wp\/v2\/users\/3"}],"replies":[{"embeddable":true,"href":"https:\/\/urbanna.org\/ca\/wp-json\/wp\/v2\/comments?post=314"}],"version-history":[{"count":6,"href":"https:\/\/urbanna.org\/ca\/wp-json\/wp\/v2\/pages\/314\/revisions"}],"predecessor-version":[{"id":538,"href":"https:\/\/urbanna.org\/ca\/wp-json\/wp\/v2\/pages\/314\/revisions\/538"}],"wp:attachment":[{"href":"https:\/\/urbanna.org\/ca\/wp-json\/wp\/v2\/media?parent=314"}],"curies":[{"name":"wp","href":"https:\/\/api.w.org\/{rel}","templated":true}]}}